{"id":9,"date":"2023-09-06T14:07:30","date_gmt":"2023-09-06T14:07:30","guid":{"rendered":"https:\/\/demosites.royal-elementor-addons.com\/solar-energy-v1\/?page_id=9"},"modified":"2024-01-29T15:26:38","modified_gmt":"2024-01-29T15:26:38","slug":"gestion-equipo","status":"publish","type":"page","link":"https:\/\/rosaledagarden.com\/index.php\/gestion-equipo\/","title":{"rendered":"Gesti\u00f3n y equipo"},"content":{"rendered":"\t\t<div data-elementor-type=\"wp-page\" data-elementor-id=\"9\" class=\"elementor elementor-9\">\n\t\t\t\t\t\t\t\t\t<section class=\"elementor-section elementor-top-section elementor-element elementor-element-5170393 elementor-section-boxed elementor-section-height-default elementor-section-height-default wpr-particle-no wpr-jarallax-no wpr-parallax-no wpr-sticky-section-no\" data-id=\"5170393\" data-element_type=\"section\" data-settings=\"{&quot;background_background&quot;:&quot;classic&quot;}\">\n\t\t\t\t\t\t\t<div class=\"elementor-background-overlay\"><\/div>\n\t\t\t\t\t\t\t<div class=\"elementor-container elementor-column-gap-default\">\n\t\t\t\t\t<div class=\"elementor-column elementor-col-100 elementor-top-column elementor-element elementor-element-c53ab0d\" data-id=\"c53ab0d\" data-element_type=\"column\">\n\t\t\t<div class=\"elementor-widget-wrap elementor-element-populated\">\n\t\t\t\t\t\t\t\t<div class=\"elementor-element elementor-element-b709dc4 elementor-widget elementor-widget-heading\" data-id=\"b709dc4\" data-element_type=\"widget\" data-widget_type=\"heading.default\">\n\t\t\t\t<div class=\"elementor-widget-container\">\n\t\t\t<style>\/*! elementor - v3.18.0 - 20-12-2023 *\/\n.elementor-heading-title{padding:0;margin:0;line-height:1}.elementor-widget-heading .elementor-heading-title[class*=elementor-size-]>a{color:inherit;font-size:inherit;line-height:inherit}.elementor-widget-heading .elementor-heading-title.elementor-size-small{font-size:15px}.elementor-widget-heading .elementor-heading-title.elementor-size-medium{font-size:19px}.elementor-widget-heading .elementor-heading-title.elementor-size-large{font-size:29px}.elementor-widget-heading .elementor-heading-title.elementor-size-xl{font-size:39px}.elementor-widget-heading .elementor-heading-title.elementor-size-xxl{font-size:59px}<\/style><h2 class=\"elementor-heading-title elementor-size-default\">Gesti\u00f3n y equipo<\/h2>\t\t<\/div>\n\t\t\t\t<\/div>\n\t\t\t\t<div class=\"elementor-element elementor-element-6971f64 elementor-widget elementor-widget-text-editor\" data-id=\"6971f64\" data-element_type=\"widget\" data-widget_type=\"text-editor.default\">\n\t\t\t\t<div class=\"elementor-widget-container\">\n\t\t\t<style>\/*! elementor - v3.18.0 - 20-12-2023 *\/\n.elementor-widget-text-editor.elementor-drop-cap-view-stacked .elementor-drop-cap{background-color:#69727d;color:#fff}.elementor-widget-text-editor.elementor-drop-cap-view-framed .elementor-drop-cap{color:#69727d;border:3px solid;background-color:transparent}.elementor-widget-text-editor:not(.elementor-drop-cap-view-default) .elementor-drop-cap{margin-top:8px}.elementor-widget-text-editor:not(.elementor-drop-cap-view-default) .elementor-drop-cap-letter{width:1em;height:1em}.elementor-widget-text-editor .elementor-drop-cap{float:left;text-align:center;line-height:1;font-size:50px}.elementor-widget-text-editor .elementor-drop-cap-letter{display:inline-block}<\/style>\t\t\t\t<p>Consultor\u00eda inmobiliaria | \u00c1rea Comercial | Project Management | Socio estrat\u00e9gico<\/p>\t\t\t\t\t\t<\/div>\n\t\t\t\t<\/div>\n\t\t\t\t\t<\/div>\n\t\t<\/div>\n\t\t\t\t\t\t\t<\/div>\n\t\t<\/section>\n\t\t\t\t<section class=\"elementor-section elementor-top-section elementor-element elementor-element-dbd083e elementor-section-boxed elementor-section-height-default elementor-section-height-default wpr-particle-no wpr-jarallax-no wpr-parallax-no wpr-sticky-section-no\" data-id=\"dbd083e\" data-element_type=\"section\">\n\t\t\t\t\t\t<div class=\"elementor-container elementor-column-gap-wide\">\n\t\t\t\t\t<div class=\"elementor-column elementor-col-50 elementor-top-column elementor-element elementor-element-6d62b65 elementor-invisible\" data-id=\"6d62b65\" data-element_type=\"column\" data-settings=\"{&quot;animation&quot;:&quot;slideInLeft&quot;}\">\n\t\t\t<div class=\"elementor-widget-wrap elementor-element-populated\">\n\t\t\t\t\t\t\t\t<div class=\"elementor-element elementor-element-619899b elementor-widget elementor-widget-image\" data-id=\"619899b\" data-element_type=\"widget\" data-widget_type=\"image.default\">\n\t\t\t\t<div class=\"elementor-widget-container\">\n\t\t\t<style>\/*! elementor - v3.18.0 - 20-12-2023 *\/\n.elementor-widget-image{text-align:center}.elementor-widget-image a{display:inline-block}.elementor-widget-image a img[src$=\".svg\"]{width:48px}.elementor-widget-image img{vertical-align:middle;display:inline-block}<\/style>\t\t\t\t\t\t\t\t\t\t\t\t<img decoding=\"async\" width=\"300\" height=\"113\" src=\"https:\/\/rosaledagarden.com\/wp-content\/uploads\/2024\/01\/siur_gestiona-300x113-1.jpg\" class=\"attachment-full size-full wp-image-1813\" alt=\"\" \/>\t\t\t\t\t\t\t\t\t\t\t\t\t\t\t<\/div>\n\t\t\t\t<\/div>\n\t\t\t\t<div class=\"elementor-element elementor-element-53ddd04 elementor-widget elementor-widget-text-editor\" data-id=\"53ddd04\" data-element_type=\"widget\" data-widget_type=\"text-editor.default\">\n\t\t\t\t<div class=\"elementor-widget-container\">\n\t\t\t\t\t\t\t<p>Dentro del\u00a0<strong>AREA\u00a0DE CONSULTORIA INMOBILIARIA<\/strong>\u00a0del GRUPO INMOMARKETING que tiene estructurado el tratamiento de sus proyectos desde cuatro grandes divisiones, comercial-retail, patrimonial, suelo y marketing y dando cobertura de esta forma a todo tipo de proyectos inmobiliarios.<\/p><p><strong>DIVISI\u00d3N DE GESTI\u00d3N DE PROYECTOS Y COOPERATIVAS DE VIVIENDA<\/strong>\u00a0\u00a0gestionamos proyectos inmobiliarios garantizando la mayor rentabilidad a nuestros compradores en r\u00e9gimen de cooperativa con los mayores est\u00e1ndares\u00a0 de calidad y an\u00e1lisis de costos para los proyectos.<\/p><p>GRUPO INMOMARKETING es una corporaci\u00f3n empresarial especializada en CONSULTOR\u00cdA INMOBILIARIA que asesora. gestiona comercializa todo tipo de activos inmobiliario, bienes ra\u00edces a compa\u00f1\u00edas, fondos de inversi\u00f3n, entidades bancarias y clientes finales.<br \/>Operamos en el mercado espa\u00f1ol. europeo y latinoamericano a trav\u00e9s de tres \u00e1reas: Consultor\u00eda, An\u00e1lisis de mercado e Inmobiliaria, interviniendo en proyectos por todo el mundo mediante nuestros business partners.<br \/>Nuestra empresa nace en 2002 con el objetivo de cubrir las necesidades de compa\u00f1\u00edas y clientes del sector inmobiliario de manera integral, agrupando los criterios de agencia de la propiedad inmobiliaria, marketing inmobiliario y an\u00e1lisis\u00a0 y valoraci\u00f3n de mercados y activos.<br \/>El grupo de profesionales y sociedades que componen el GRUPO INMOMARKETING con dilatada y contrastada experiencia en todos los sectores de nuestro amplio catalogo de servicios garantizan la mejor rentabilidad y mas exitosa soluci\u00f3n en el proceso de gesti\u00f3n de los activos inmobiliarios de nuestros clientes.<\/p>\t\t\t\t\t\t<\/div>\n\t\t\t\t<\/div>\n\t\t\t\t\t<\/div>\n\t\t<\/div>\n\t\t\t\t<div class=\"elementor-column elementor-col-50 elementor-top-column elementor-element elementor-element-222b6ab elementor-invisible\" data-id=\"222b6ab\" data-element_type=\"column\" data-settings=\"{&quot;animation&quot;:&quot;slideInRight&quot;}\">\n\t\t\t<div class=\"elementor-widget-wrap elementor-element-populated\">\n\t\t\t\t\t\t\t\t<div class=\"elementor-element elementor-element-4050e09 elementor-widget elementor-widget-image\" data-id=\"4050e09\" data-element_type=\"widget\" data-widget_type=\"image.default\">\n\t\t\t\t<div class=\"elementor-widget-container\">\n\t\t\t\t\t\t\t\t\t\t\t\t\t\t\t<img fetchpriority=\"high\" decoding=\"async\" width=\"960\" height=\"958\" src=\"https:\/\/rosaledagarden.com\/wp-content\/uploads\/2024\/01\/08_Rosaleda_Zonas-comunes-copia.jpg\" class=\"attachment-large size-large wp-image-1765\" alt=\"\" srcset=\"https:\/\/rosaledagarden.com\/wp-content\/uploads\/2024\/01\/08_Rosaleda_Zonas-comunes-copia.jpg 1024w, https:\/\/rosaledagarden.com\/wp-content\/uploads\/2024\/01\/08_Rosaleda_Zonas-comunes-copia-300x300.jpg 300w, https:\/\/rosaledagarden.com\/wp-content\/uploads\/2024\/01\/08_Rosaleda_Zonas-comunes-copia-150x150.jpg 150w, https:\/\/rosaledagarden.com\/wp-content\/uploads\/2024\/01\/08_Rosaleda_Zonas-comunes-copia-768x767.jpg 768w\" sizes=\"(max-width: 960px) 100vw, 960px\" \/>\t\t\t\t\t\t\t\t\t\t\t\t\t\t\t<\/div>\n\t\t\t\t<\/div>\n\t\t\t\t<div class=\"elementor-element elementor-element-29b1608 wpr-button-icon-style-inline wpr-button-icon-position-right elementor-widget elementor-widget-wpr-button\" data-id=\"29b1608\" data-element_type=\"widget\" data-widget_type=\"wpr-button.default\">\n\t\t\t\t<div class=\"elementor-widget-container\">\n\t\t\t\t\n\t\t\t\n\t\t\n\t\t<div class=\"wpr-button-wrap elementor-clearfix\">\n\t\t<a class=\"wpr-button wpr-button-effect wpr-button-none\" data-text=\"Go\" href=\"https:\/\/inmomarketing.com\" target=\"_blank\">\n\t\t\t\n\t\t\t<span class=\"wpr-button-content\">\n\t\t\t\t\t\t\t\t\t<span class=\"wpr-button-text\">Siur Gestiona<\/span>\n\t\t\t\t\t\t\t\t\n\t\t\t\t\t\t\t<\/span>\n\t\t<\/a>\n\n\t\t\t\t<\/div>\n\t\n\t\n\t\t\t<\/div>\n\t\t\t\t<\/div>\n\t\t\t\t\t<\/div>\n\t\t<\/div>\n\t\t\t\t\t\t\t<\/div>\n\t\t<\/section>\n\t\t\t\t<section class=\"elementor-section elementor-top-section elementor-element elementor-element-095e9e7 elementor-section-boxed elementor-section-height-default elementor-section-height-default wpr-particle-no wpr-jarallax-no wpr-parallax-no wpr-sticky-section-no\" data-id=\"095e9e7\" data-element_type=\"section\">\n\t\t\t\t\t\t<div class=\"elementor-container elementor-column-gap-wide\">\n\t\t\t\t\t<div class=\"elementor-column elementor-col-50 elementor-top-column elementor-element elementor-element-2a2b5be elementor-invisible\" data-id=\"2a2b5be\" data-element_type=\"column\" data-settings=\"{&quot;animation&quot;:&quot;slideInLeft&quot;}\">\n\t\t\t<div class=\"elementor-widget-wrap elementor-element-populated\">\n\t\t\t\t\t\t\t\t<div class=\"elementor-element elementor-element-7458947 elementor-widget elementor-widget-image\" data-id=\"7458947\" data-element_type=\"widget\" data-widget_type=\"image.default\">\n\t\t\t\t<div class=\"elementor-widget-container\">\n\t\t\t\t\t\t\t\t\t\t\t\t\t\t\t<img decoding=\"async\" width=\"931\" height=\"1024\" src=\"https:\/\/rosaledagarden.com\/wp-content\/uploads\/2024\/01\/03_Rosaleda_Soportal-copia-931x1024.jpg\" class=\"attachment-large size-large wp-image-1758\" alt=\"\" srcset=\"https:\/\/rosaledagarden.com\/wp-content\/uploads\/2024\/01\/03_Rosaleda_Soportal-copia-931x1024.jpg 931w, https:\/\/rosaledagarden.com\/wp-content\/uploads\/2024\/01\/03_Rosaleda_Soportal-copia-273x300.jpg 273w, https:\/\/rosaledagarden.com\/wp-content\/uploads\/2024\/01\/03_Rosaleda_Soportal-copia-768x845.jpg 768w, https:\/\/rosaledagarden.com\/wp-content\/uploads\/2024\/01\/03_Rosaleda_Soportal-copia.jpg 1024w\" sizes=\"(max-width: 931px) 100vw, 931px\" \/>\t\t\t\t\t\t\t\t\t\t\t\t\t\t\t<\/div>\n\t\t\t\t<\/div>\n\t\t\t\t<div class=\"elementor-element elementor-element-b60dc6c wpr-button-icon-style-inline wpr-button-icon-position-right elementor-widget elementor-widget-wpr-button\" data-id=\"b60dc6c\" data-element_type=\"widget\" data-widget_type=\"wpr-button.default\">\n\t\t\t\t<div class=\"elementor-widget-container\">\n\t\t\t\t\n\t\t\t\n\t\t\n\t\t<div class=\"wpr-button-wrap elementor-clearfix\">\n\t\t<a class=\"wpr-button wpr-button-effect wpr-button-none\" data-text=\"Go\" href=\"https:\/\/granadaseleccion.com\" target=\"_blank\">\n\t\t\t\n\t\t\t<span class=\"wpr-button-content\">\n\t\t\t\t\t\t\t\t\t<span class=\"wpr-button-text\">Granada Selecci\u00f3n<\/span>\n\t\t\t\t\t\t\t\t\n\t\t\t\t\t\t\t<\/span>\n\t\t<\/a>\n\n\t\t\t\t<\/div>\n\t\n\t\n\t\t\t<\/div>\n\t\t\t\t<\/div>\n\t\t\t\t\t<\/div>\n\t\t<\/div>\n\t\t\t\t<div class=\"elementor-column elementor-col-50 elementor-top-column elementor-element elementor-element-a5a66b6 elementor-invisible\" data-id=\"a5a66b6\" data-element_type=\"column\" data-settings=\"{&quot;animation&quot;:&quot;slideInRight&quot;}\">\n\t\t\t<div class=\"elementor-widget-wrap elementor-element-populated\">\n\t\t\t\t\t\t\t\t<div class=\"elementor-element elementor-element-f88dc7b elementor-widget elementor-widget-image\" data-id=\"f88dc7b\" data-element_type=\"widget\" data-widget_type=\"image.default\">\n\t\t\t\t<div class=\"elementor-widget-container\">\n\t\t\t\t\t\t\t\t\t\t\t\t\t\t\t<img loading=\"lazy\" decoding=\"async\" width=\"300\" height=\"212\" src=\"https:\/\/rosaledagarden.com\/wp-content\/uploads\/2024\/01\/gsi-300x212-1.jpg\" class=\"attachment-full size-full wp-image-1812\" alt=\"\" \/>\t\t\t\t\t\t\t\t\t\t\t\t\t\t\t<\/div>\n\t\t\t\t<\/div>\n\t\t\t\t<div class=\"elementor-element elementor-element-ea81ec7 elementor-widget elementor-widget-text-editor\" data-id=\"ea81ec7\" data-element_type=\"widget\" data-widget_type=\"text-editor.default\">\n\t\t\t\t<div class=\"elementor-widget-container\">\n\t\t\t\t\t\t\t<p>Nuestra\u00a0<strong>DIVISI\u00d3N COMERCIAL<\/strong>\u00a0dota a la gestora de herramientas de comercializaci\u00f3n de activos inmobiliarios con las mejores estrategias y protocolos de trabajo para garantizar el \u00e9xito en la materializaci\u00f3n de de los objetivos marcados.<\/p><p>El\u00a0\u00a0<strong>\u00c1REA INMOBILIARIA\u00a0<\/strong>del grupo opera en el mercado mediante agencias inmobiliarias franquicia que a su vez\u00a0est\u00e1n estratificadas para cada uno de los mercados\u00a0espec\u00edficos: Residencial, Residencial Vacacional, Industrial &amp;\u00a0Log\u00edstica y Oficinas &amp; Locales habiendo comercializado con\u00a0\u00e9xito m\u00e1s de 2000 unidades inmobiliarias desde su creaci\u00f3n.\u00a0\u00a0En\u00a0<strong>RESIDENCIAL<\/strong>\u00a0somos especialistas en la venta de inmuebles de obra nueva, y acreditada experiencia en la obra nueva en r\u00e9gimen de cooperativa. Nuestra Inmobiliaria\u00a0trabaja tanto en exclusiva como en colaboraci\u00f3n con destacados promotores a los que brinda un conocimiento de mercados exhaustivo, y especialista en la creaci\u00f3n de colectivos para el desarrollo de promociones inmobiliarias desde la compra de suelo hasta su construcci\u00f3n final. Con una cartera de inmuebles amplia, variada y de calidad ponemos a su disposici\u00f3n una red comercial experta en operaciones de compraventa, asesoramiento y atenci\u00f3n personalizada tanto para el inversor como para el cliente final: publicidad, intermediaci\u00f3n, gestiones administrativas, financieras. Un canal exclusivo que le permite explotar las propias sinergias de nuestro Grupo y lograr una perfecta adecuaci\u00f3n a sus intereses ya sea promotor, inversor, propietario, o comprador finalista.<\/p>\t\t\t\t\t\t<\/div>\n\t\t\t\t<\/div>\n\t\t\t\t\t<\/div>\n\t\t<\/div>\n\t\t\t\t\t\t\t<\/div>\n\t\t<\/section>\n\t\t\t\t<section class=\"elementor-section elementor-top-section elementor-element elementor-element-0313060 elementor-section-boxed elementor-section-height-default elementor-section-height-default wpr-particle-no wpr-jarallax-no wpr-parallax-no wpr-sticky-section-no\" data-id=\"0313060\" data-element_type=\"section\">\n\t\t\t\t\t\t<div class=\"elementor-container elementor-column-gap-wide\">\n\t\t\t\t\t<div class=\"elementor-column elementor-col-50 elementor-top-column elementor-element elementor-element-92b4681 elementor-invisible\" data-id=\"92b4681\" data-element_type=\"column\" data-settings=\"{&quot;animation&quot;:&quot;slideInLeft&quot;}\">\n\t\t\t<div class=\"elementor-widget-wrap elementor-element-populated\">\n\t\t\t\t\t\t\t\t<div class=\"elementor-element elementor-element-13051b0 elementor-widget elementor-widget-image\" data-id=\"13051b0\" data-element_type=\"widget\" data-widget_type=\"image.default\">\n\t\t\t\t<div class=\"elementor-widget-container\">\n\t\t\t\t\t\t\t\t\t\t\t\t\t\t\t<img loading=\"lazy\" decoding=\"async\" width=\"350\" height=\"195\" src=\"https:\/\/rosaledagarden.com\/wp-content\/uploads\/2024\/01\/logo-MAOC.jpg\" class=\"attachment-full size-full wp-image-1823\" alt=\"\" srcset=\"https:\/\/rosaledagarden.com\/wp-content\/uploads\/2024\/01\/logo-MAOC.jpg 350w, https:\/\/rosaledagarden.com\/wp-content\/uploads\/2024\/01\/logo-MAOC-300x167.jpg 300w\" sizes=\"(max-width: 350px) 100vw, 350px\" \/>\t\t\t\t\t\t\t\t\t\t\t\t\t\t\t<\/div>\n\t\t\t\t<\/div>\n\t\t\t\t<div class=\"elementor-element elementor-element-8cca281 elementor-widget elementor-widget-text-editor\" data-id=\"8cca281\" data-element_type=\"widget\" data-widget_type=\"text-editor.default\">\n\t\t\t\t<div class=\"elementor-widget-container\">\n\t\t\t\t\t\t\t<p>El\u00a0<strong>Project Management Inmobiliario<\/strong>\u00a0garantiza la consecuci\u00f3n de objetivos. Los Proyectos Inmobiliarios se desarrollan en un entorno complejo que genera numerosos riesgos que pueden mermar el retorno de la inversi\u00f3n esperado. La estrategia \u00f3ptima para disminuir ese nivel de incertidumbre es la aplicaci\u00f3n de una gesti\u00f3n espec\u00edfica a lo largo de todo el ciclo de vida del proyecto basada en la planificaci\u00f3n detallada y en el control permanente de lo implementado compar\u00e1ndolo con unas l\u00edneas de base establecidas gracias a la planificaci\u00f3n.<\/p><p><strong>MAOC<\/strong>\u00a0es una empresa de consultor\u00eda con dilatada experiencia en Gesti\u00f3n Integral de Proyectos en el sector inmobiliario y el de las infraestructuras, mediante metodolog\u00edas predictivas (PMBOK\u00ae e ISO 21.500) y \u00e1giles (SCRUM). Sus consultores provienen de diversos \u00e1mbitos de la ingenier\u00eda civil, el sector inmobiliario y de la gesti\u00f3n empresarial, gestionando Proyectos desde la fase de dise\u00f1o, pasando por la construcci\u00f3n hasta la puesta en operaci\u00f3n. La experiencia de todos ellos est\u00e1 contrastada por m\u00e1s de 15 a\u00f1os de empleo de estas metodolog\u00edas en la gesti\u00f3n de proyectos reales. Est\u00e1n certificados en metodolog\u00edas predictivas (<strong>PMP\u00ae<\/strong>) y metodolog\u00edas \u00e1giles (<strong>SCRUM\u00a0MANAGER<\/strong>).<\/p>\t\t\t\t\t\t<\/div>\n\t\t\t\t<\/div>\n\t\t\t\t\t<\/div>\n\t\t<\/div>\n\t\t\t\t<div class=\"elementor-column elementor-col-50 elementor-top-column elementor-element elementor-element-0cafa92 elementor-invisible\" data-id=\"0cafa92\" data-element_type=\"column\" data-settings=\"{&quot;animation&quot;:&quot;slideInRight&quot;}\">\n\t\t\t<div class=\"elementor-widget-wrap elementor-element-populated\">\n\t\t\t\t\t\t\t\t<div class=\"elementor-element elementor-element-3dc7f97 elementor-widget elementor-widget-image\" data-id=\"3dc7f97\" data-element_type=\"widget\" data-widget_type=\"image.default\">\n\t\t\t\t<div class=\"elementor-widget-container\">\n\t\t\t\t\t\t\t\t\t\t\t\t\t\t\t<img fetchpriority=\"high\" decoding=\"async\" width=\"960\" height=\"958\" src=\"https:\/\/rosaledagarden.com\/wp-content\/uploads\/2024\/01\/08_Rosaleda_Zonas-comunes-copia.jpg\" class=\"attachment-large size-large wp-image-1765\" alt=\"\" srcset=\"https:\/\/rosaledagarden.com\/wp-content\/uploads\/2024\/01\/08_Rosaleda_Zonas-comunes-copia.jpg 1024w, https:\/\/rosaledagarden.com\/wp-content\/uploads\/2024\/01\/08_Rosaleda_Zonas-comunes-copia-300x300.jpg 300w, https:\/\/rosaledagarden.com\/wp-content\/uploads\/2024\/01\/08_Rosaleda_Zonas-comunes-copia-150x150.jpg 150w, https:\/\/rosaledagarden.com\/wp-content\/uploads\/2024\/01\/08_Rosaleda_Zonas-comunes-copia-768x767.jpg 768w\" sizes=\"(max-width: 960px) 100vw, 960px\" \/>\t\t\t\t\t\t\t\t\t\t\t\t\t\t\t<\/div>\n\t\t\t\t<\/div>\n\t\t\t\t<div class=\"elementor-element elementor-element-ca1d23f wpr-button-icon-style-inline wpr-button-icon-position-right elementor-widget elementor-widget-wpr-button\" data-id=\"ca1d23f\" data-element_type=\"widget\" data-widget_type=\"wpr-button.default\">\n\t\t\t\t<div class=\"elementor-widget-container\">\n\t\t\t\t\n\t\t\t\n\t\t\n\t\t<div class=\"wpr-button-wrap elementor-clearfix\">\n\t\t<a class=\"wpr-button wpr-button-effect wpr-button-none\" data-text=\"Go\" href=\"#\" target=\"_blank\">\n\t\t\t\n\t\t\t<span class=\"wpr-button-content\">\n\t\t\t\t\t\t\t\t\t<span class=\"wpr-button-text\">MAOC<\/span>\n\t\t\t\t\t\t\t\t\n\t\t\t\t\t\t\t<\/span>\n\t\t<\/a>\n\n\t\t\t\t<\/div>\n\t\n\t\n\t\t\t<\/div>\n\t\t\t\t<\/div>\n\t\t\t\t\t<\/div>\n\t\t<\/div>\n\t\t\t\t\t\t\t<\/div>\n\t\t<\/section>\n\t\t\t\t<section class=\"elementor-section elementor-top-section elementor-element elementor-element-e48a648 elementor-section-boxed elementor-section-height-default elementor-section-height-default wpr-particle-no wpr-jarallax-no wpr-parallax-no wpr-sticky-section-no\" data-id=\"e48a648\" data-element_type=\"section\">\n\t\t\t\t\t\t<div class=\"elementor-container elementor-column-gap-wide\">\n\t\t\t\t\t<div class=\"elementor-column elementor-col-50 elementor-top-column elementor-element elementor-element-0ffe47c elementor-invisible\" data-id=\"0ffe47c\" data-element_type=\"column\" data-settings=\"{&quot;animation&quot;:&quot;slideInLeft&quot;}\">\n\t\t\t<div class=\"elementor-widget-wrap elementor-element-populated\">\n\t\t\t\t\t\t\t\t<div class=\"elementor-element elementor-element-cbd1189 elementor-widget elementor-widget-image\" data-id=\"cbd1189\" data-element_type=\"widget\" data-widget_type=\"image.default\">\n\t\t\t\t<div class=\"elementor-widget-container\">\n\t\t\t\t\t\t\t\t\t\t\t\t\t\t\t<img decoding=\"async\" width=\"931\" height=\"1024\" src=\"https:\/\/rosaledagarden.com\/wp-content\/uploads\/2024\/01\/03_Rosaleda_Soportal-copia-931x1024.jpg\" class=\"attachment-large size-large wp-image-1758\" alt=\"\" srcset=\"https:\/\/rosaledagarden.com\/wp-content\/uploads\/2024\/01\/03_Rosaleda_Soportal-copia-931x1024.jpg 931w, https:\/\/rosaledagarden.com\/wp-content\/uploads\/2024\/01\/03_Rosaleda_Soportal-copia-273x300.jpg 273w, https:\/\/rosaledagarden.com\/wp-content\/uploads\/2024\/01\/03_Rosaleda_Soportal-copia-768x845.jpg 768w, https:\/\/rosaledagarden.com\/wp-content\/uploads\/2024\/01\/03_Rosaleda_Soportal-copia.jpg 1024w\" sizes=\"(max-width: 931px) 100vw, 931px\" \/>\t\t\t\t\t\t\t\t\t\t\t\t\t\t\t<\/div>\n\t\t\t\t<\/div>\n\t\t\t\t<div class=\"elementor-element elementor-element-95dd944 wpr-button-icon-style-inline wpr-button-icon-position-right elementor-widget elementor-widget-wpr-button\" data-id=\"95dd944\" data-element_type=\"widget\" data-widget_type=\"wpr-button.default\">\n\t\t\t\t<div class=\"elementor-widget-container\">\n\t\t\t\t\n\t\t\t\n\t\t\n\t\t<div class=\"wpr-button-wrap elementor-clearfix\">\n\t\t<a class=\"wpr-button wpr-button-effect wpr-button-none\" data-text=\"Go\" href=\"#\" target=\"_blank\">\n\t\t\t\n\t\t\t<span class=\"wpr-button-content\">\n\t\t\t\t\t\t\t\t\t<span class=\"wpr-button-text\">Ecoboga<\/span>\n\t\t\t\t\t\t\t\t\n\t\t\t\t\t\t\t<\/span>\n\t\t<\/a>\n\n\t\t\t\t<\/div>\n\t\n\t\n\t\t\t<\/div>\n\t\t\t\t<\/div>\n\t\t\t\t\t<\/div>\n\t\t<\/div>\n\t\t\t\t<div class=\"elementor-column elementor-col-50 elementor-top-column elementor-element elementor-element-a1c9d11 elementor-invisible\" data-id=\"a1c9d11\" data-element_type=\"column\" data-settings=\"{&quot;animation&quot;:&quot;slideInRight&quot;}\">\n\t\t\t<div class=\"elementor-widget-wrap elementor-element-populated\">\n\t\t\t\t\t\t\t\t<div class=\"elementor-element elementor-element-bbfc611 elementor-widget elementor-widget-image\" data-id=\"bbfc611\" data-element_type=\"widget\" data-widget_type=\"image.default\">\n\t\t\t\t<div class=\"elementor-widget-container\">\n\t\t\t\t\t\t\t\t\t\t\t\t\t\t\t<img loading=\"lazy\" decoding=\"async\" width=\"200\" height=\"200\" src=\"https:\/\/rosaledagarden.com\/wp-content\/uploads\/2024\/01\/ecoboga.png\" class=\"attachment-full size-full wp-image-1824\" alt=\"\" srcset=\"https:\/\/rosaledagarden.com\/wp-content\/uploads\/2024\/01\/ecoboga.png 200w, https:\/\/rosaledagarden.com\/wp-content\/uploads\/2024\/01\/ecoboga-150x150.png 150w\" sizes=\"(max-width: 200px) 100vw, 200px\" \/>\t\t\t\t\t\t\t\t\t\t\t\t\t\t\t<\/div>\n\t\t\t\t<\/div>\n\t\t\t\t<div class=\"elementor-element elementor-element-41662cb elementor-widget elementor-widget-text-editor\" data-id=\"41662cb\" data-element_type=\"widget\" data-widget_type=\"text-editor.default\">\n\t\t\t\t<div class=\"elementor-widget-container\">\n\t\t\t\t\t\t\t<p><strong>ECOBOGA,\u00a0<\/strong>socio estrat\u00e9gico de Grupo Inmomarketing, es un despacho que asesora financiera y fiscalmente todo el proceso de gesti\u00f3n de las Cooperativas, y que presta servicios de Gesti\u00f3n Empresarial, Direcci\u00f3n Financiera, An\u00e1lisis Econ\u00f3mico Financiero, Asesor\u00eda Fiscal, y Asesor\u00eda Contable, entre otros. En todo proyecto inmobiliario el control financiero y fiscal reviste una especial importancia tanto por su complejidad, como por la importancia de los impuestos que giran a su alrededor y, por supuesto, por la necesidad de control para conocer y controlar las posibles desviaciones presupuestarias. Para lograrlo, ECOBOGA Cuenta con profesionales formados en Derecho y Econom\u00eda, MBA, master en asesoramiento fiscal y certificaci\u00f3n Chartered Controller Analyst (CCA Certificate<strong>\u00ae).<\/strong><\/p><p><strong>Con m\u00e1s de 15 a\u00f1os de experiencia en la profesi\u00f3n, que aseguran que todos los procesos financiero-fiscales se llevar\u00e1n a cabo con las m\u00e1ximas garant\u00edas de calidad y eficiencia.<\/strong><\/p>\t\t\t\t\t\t<\/div>\n\t\t\t\t<\/div>\n\t\t\t\t\t<\/div>\n\t\t<\/div>\n\t\t\t\t\t\t\t<\/div>\n\t\t<\/section>\n\t\t\t\t\t\t\t<\/div>\n\t\t","protected":false},"excerpt":{"rendered":"<p>Gesti\u00f3n y equipo Consultor\u00eda inmobiliaria | \u00c1rea Comercial | Project Management | Socio estrat\u00e9gico Dentro del\u00a0AREA\u00a0DE CONSULTORIA INMOBILIARIA\u00a0del GRUPO INMOMARKETING que tiene estructurado el tratamiento de sus proyectos desde cuatro grandes divisiones, comercial-retail, patrimonial, suelo y marketing y dando cobertura de esta forma a todo tipo de proyectos inmobiliarios. DIVISI\u00d3N DE GESTI\u00d3N DE PROYECTOS Y [&hellip;]<\/p>\n","protected":false},"author":1,"featured_media":0,"parent":0,"menu_order":0,"comment_status":"closed","ping_status":"closed","template":"elementor_canvas","meta":{"footnotes":""},"aioseo_notices":[],"_links":{"self":[{"href":"https:\/\/rosaledagarden.com\/index.php\/wp-json\/wp\/v2\/pages\/9"}],"collection":[{"href":"https:\/\/rosaledagarden.com\/index.php\/wp-json\/wp\/v2\/pages"}],"about":[{"href":"https:\/\/rosaledagarden.com\/index.php\/wp-json\/wp\/v2\/types\/page"}],"author":[{"embeddable":true,"href":"https:\/\/rosaledagarden.com\/index.php\/wp-json\/wp\/v2\/users\/1"}],"replies":[{"embeddable":true,"href":"https:\/\/rosaledagarden.com\/index.php\/wp-json\/wp\/v2\/comments?post=9"}],"version-history":[{"count":13,"href":"https:\/\/rosaledagarden.com\/index.php\/wp-json\/wp\/v2\/pages\/9\/revisions"}],"predecessor-version":[{"id":1827,"href":"https:\/\/rosaledagarden.com\/index.php\/wp-json\/wp\/v2\/pages\/9\/revisions\/1827"}],"wp:attachment":[{"href":"https:\/\/rosaledagarden.com\/index.php\/wp-json\/wp\/v2\/media?parent=9"}],"curies":[{"name":"wp","href":"https:\/\/api.w.org\/{rel}","templated":true}]}}